{"id":70,"date":"2024-05-26T17:06:35","date_gmt":"2024-05-26T17:06:35","guid":{"rendered":"https:\/\/promango.org\/XVIIIFORUM\/?page_id=70"},"modified":"2024-06-29T06:44:03","modified_gmt":"2024-06-29T06:44:03","slug":"temario","status":"publish","type":"page","link":"https:\/\/promango.org\/XVIIIFORUM\/temario\/","title":{"rendered":"Temario"},"content":{"rendered":"<div data-colibri-id=\"70-c1\" class=\"style-536 style-local-70-c1 position-relative\">\n  <!---->\n  <div data-colibri-component=\"section\" data-colibri-id=\"70-c2\" id=\"about\" class=\"h-section h-section-global-spacing d-flex align-items-lg-center align-items-md-center align-items-center style-537 style-local-70-c2 position-relative\">\n    <!---->\n    <!---->\n    <div class=\"h-section-grid-container h-section-boxed-container\">\n      <!---->\n      <div data-colibri-id=\"70-c3\" class=\"h-row-container gutters-row-lg-0 gutters-row-md-0 gutters-row-0 gutters-row-v-lg-0 gutters-row-v-md-0 gutters-row-v-0 style-538 style-local-70-c3 position-relative\">\n        <!---->\n        <div class=\"h-row justify-content-lg-center justify-content-md-center justify-content-center align-items-lg-stretch align-items-md-stretch align-items-stretch gutters-col-lg-0 gutters-col-md-0 gutters-col-0 gutters-col-v-lg-0 gutters-col-v-md-0 gutters-col-v-0\">\n          <!---->\n          <div class=\"h-column h-column-container d-flex h-col-lg-auto h-col-md-auto h-col-auto style-539-outer style-local-70-c4-outer\">\n            <div data-colibri-id=\"70-c4\" class=\"d-flex h-flex-basis h-column__inner h-ui-empty-state-container h-px-lg-0 h-px-md-0 h-px-0 v-inner-lg-0 v-inner-md-0 v-inner-0 style-539 style-local-70-c4 position-relative\">\n              <!---->\n              <!---->\n              <div class=\"w-100 h-y-container h-column__content h-column__v-align flex-basis-100\">\n                <!---->\n              <\/div>\n            <\/div>\n          <\/div>\n          <div class=\"h-column h-column-container d-flex h-col-lg-auto h-col-md-auto h-col-auto style-540-outer style-local-70-c5-outer\">\n            <div data-colibri-id=\"70-c5\" class=\"d-flex h-flex-basis h-column__inner h-px-lg-2 h-px-md-2 h-px-2 v-inner-lg-2 v-inner-md-2 v-inner-2 style-540 style-local-70-c5 position-relative\">\n              <!---->\n              <!---->\n              <div class=\"w-100 h-y-container h-column__content h-column__v-align flex-basis-100 align-self-lg-start align-self-md-start align-self-start\">\n                <!---->\n                <div data-colibri-id=\"70-c7\" class=\"h-global-transition-all h-heading style-542 style-local-70-c7 position-relative h-element\">\n                  <!---->\n                  <div class=\"h-heading__outer style-542 style-local-70-c7\">\n                    <!---->\n                    <!---->\n                    <h2 class=\"\">TEMARIO<\/h2>\n                  <\/div>\n                <\/div>\n                <div data-colibri-id=\"70-c8\" class=\"h-text h-text-component style-543 style-local-70-c8 position-relative h-element\">\n                  <!---->\n                  <!---->\n                  <div class=\"\">\n                    <p><span style=\"color: rgb(70, 112, 127); font-family: &quot;Open Sans&quot;; font-size: 16px; font-weight: 400;\">&#8220;Situaci\u00f3n actual del Cultivo de Mango en la Regi\u00f3n Piura&#8221;<\/span><\/p>\n                    <p>&#8220;Programa de Investigaci\u00f3n y Relaciones con la Industria de la National Mango Board&#8221;<\/p>\n                    <p>&#8220;El Programa de Marketing de la National Mango Board y su impacto en el consumo de mango en los Estados Unidos&#8221;<\/p>\n                    <p>&#8220;Comportamiento del clima y su efecto en el cultivo de mango de la Regi\u00f3n Piura&#8221;<\/p>\n                    <p>&#8220;&#8221;&#8221;Consejos pr\u00e1cticos de implementaci\u00f3n de la Norma Final del Agua de Uso Agr\u00edcola\u201d<\/p>\n                    <p>&#8220;El ABC de la Norma Final de Trazabilidad de la FDA y Herramientas del National Mango Board para ayudar al cumplimiento de la Norma&#8221;.<\/p>\n                    <p>&#8220;Resultados del Proyecto de Inversi\u00f3n P\u00fablica (P.I.P) sobre la erradicaci\u00f3n de la mosca de la fruta\u201d<\/p>\n                    <p>&#8220;Estrategias para evitar floraci\u00f3n irregular y modificar la \u00e9poca de cosecha del mango para exportaci\u00f3n, mediante un manejo integrado\u201d<\/p>\n                    <p>\u201cAvances recientes en inducci\u00f3n floral, cuajado y desarrollo de fruto en mango\u201d<\/p>\n                    <p>&#8220;Control y manejo de Mosca de la fruta en zona liberada: Caso Sinaloa\u201d<\/p>\n                    <p>&#8220;Mango Colombiano, exportaciones, retos y fortalezas&#8221;<\/p>\n                    <p>&#8220;Importancia de los carbohidratos para el cultivo del Mango\u201d<\/p>\n                    <p>\u201cLa importancia de la maduraci\u00f3n de las ramas para el cultivo del Mango\u201d<\/p>\n                    <p>&#8220;Determinaci\u00f3n del Manejo Nutricional Cultural y Fitosanitario en Cultivo de Mango\u201d<\/p>\n                    <p>\n                      <br>\n                    <\/p>\n                  <\/div>\n                <\/div>\n              <\/div>\n            <\/div>\n          <\/div>\n        <\/div>\n      <\/div>\n    <\/div>\n  <\/div>\n<\/div>","protected":false},"excerpt":{"rendered":"<p>TEMARIO &#8220;Situaci\u00f3n actual del Cultivo de Mango en la Regi\u00f3n Piura&#8221; &#8220;Programa de Investigaci\u00f3n y Relaciones con la Industria de la National Mango Board&#8221; &#8220;El Programa de Marketing de la National Mango Board y su impacto en el consumo de mango en los Estados Unidos&#8221; &#8220;Comportamiento del clima y su efecto en el cultivo de [&hellip;]<\/p>\n","protected":false},"author":1,"featured_media":0,"parent":0,"menu_order":0,"comment_status":"closed","ping_status":"closed","template":"page-templates\/full-width-page.php","meta":{"footnotes":""},"class_list":["post-70","page","type-page","status-publish","hentry"],"_links":{"self":[{"href":"https:\/\/promango.org\/XVIIIFORUM\/wp-json\/wp\/v2\/pages\/70","targetHints":{"allow":["GET"]}}],"collection":[{"href":"https:\/\/promango.org\/XVIIIFORUM\/wp-json\/wp\/v2\/pages"}],"about":[{"href":"https:\/\/promango.org\/XVIIIFORUM\/wp-json\/wp\/v2\/types\/page"}],"author":[{"embeddable":true,"href":"https:\/\/promango.org\/XVIIIFORUM\/wp-json\/wp\/v2\/users\/1"}],"replies":[{"embeddable":true,"href":"https:\/\/promango.org\/XVIIIFORUM\/wp-json\/wp\/v2\/comments?post=70"}],"version-history":[{"count":2,"href":"https:\/\/promango.org\/XVIIIFORUM\/wp-json\/wp\/v2\/pages\/70\/revisions"}],"predecessor-version":[{"id":600,"href":"https:\/\/promango.org\/XVIIIFORUM\/wp-json\/wp\/v2\/pages\/70\/revisions\/600"}],"wp:attachment":[{"href":"https:\/\/promango.org\/XVIIIFORUM\/wp-json\/wp\/v2\/media?parent=70"}],"curies":[{"name":"wp","href":"https:\/\/api.w.org\/{rel}","templated":true}]}}