{"id":523,"date":"2023-06-18T04:03:57","date_gmt":"2023-06-18T04:03:57","guid":{"rendered":"https:\/\/promango.org\/XVIIFORUM\/?page_id=523"},"modified":"2023-06-25T17:44:51","modified_gmt":"2023-06-25T17:44:51","slug":"contactos","status":"publish","type":"page","link":"https:\/\/promango.org\/XVIIFORUM\/contactos\/","title":{"rendered":"Contactos"},"content":{"rendered":"<div data-colibri-id=\"523-c1\" class=\"style-879 style-local-523-c1 position-relative\">\n  <!---->\n  <div data-colibri-component=\"section\" data-colibri-id=\"523-c2\" id=\"about\" class=\"h-section h-section-global-spacing d-flex align-items-lg-center align-items-md-center align-items-center style-880 style-local-523-c2 position-relative\">\n    <!---->\n    <!---->\n    <div class=\"h-section-grid-container h-section-boxed-container\">\n      <div data-colibri-id=\"523-c7\" class=\"h-row-container gutters-row-lg-2 gutters-row-md-2 gutters-row-2 gutters-row-v-lg-2 gutters-row-v-md-2 gutters-row-v-2 style-885 style-local-523-c7 position-relative\">\n        <!---->\n        <div class=\"h-row justify-content-lg-center justify-content-md-center justify-content-center align-items-lg-stretch align-items-md-stretch align-items-stretch gutters-col-lg-2 gutters-col-md-2 gutters-col-2 gutters-col-v-lg-2 gutters-col-v-md-2 gutters-col-v-2\">\n          <!---->\n          <div class=\"h-column h-column-container d-flex h-col-lg-auto h-col-md-auto h-col-auto style-886-outer style-local-523-c8-outer\">\n            <div data-colibri-id=\"523-c8\" class=\"d-flex h-flex-basis h-column__inner h-px-lg-2 h-px-md-2 h-px-2 v-inner-lg-2 v-inner-md-2 v-inner-2 style-886 style-local-523-c8 position-relative\">\n              <!---->\n              <!---->\n              <div class=\"w-100 h-y-container h-column__content h-column__v-align flex-basis-100 align-self-lg-start align-self-md-start align-self-start\">\n                <!---->\n                <div data-colibri-id=\"523-c10\" class=\"h-global-transition-all h-heading style-888 style-local-523-c10 position-relative h-element\">\n                  <!---->\n                  <div class=\"h-heading__outer style-888 style-local-523-c10\">\n                    <!---->\n                    <!---->\n                    <h2 class=\"\">Informes e Inscripciones<\/h2>\n                  <\/div>\n                <\/div>\n                <div data-colibri-id=\"523-c11\" class=\"h-lead h-text h-text-component style-889 style-local-523-c11 position-relative h-element\">\n                  <!---->\n                  <!---->\n                  <div class=\"\">\n                    <p>Asociaci\u00f3n Peruana de Productores de Mango\n                      <br>Direcci\u00f3n: Urb. San Eduardo A 2 Piura.\n                      <br>Tel\u00e9fonos: 073 \u2013 608238\n                      <br>e- mail: piura@promango.org<\/p>\n                  <\/div>\n                <\/div>\n              <\/div>\n            <\/div>\n          <\/div>\n        <\/div>\n      <\/div>\n      <div data-colibri-id=\"523-c3\" class=\"h-row-container gutters-row-lg-0 gutters-row-md-0 gutters-row-0 gutters-row-v-lg-0 gutters-row-v-md-0 gutters-row-v-0 style-881 style-local-523-c3 h-overflow-hidden position-relative\">\n        <!---->\n        <div class=\"h-row justify-content-lg-center justify-content-md-center justify-content-center align-items-lg-end align-items-md-end align-items-end gutters-col-lg-0 gutters-col-md-0 gutters-col-0 gutters-col-v-lg-0 gutters-col-v-md-0 gutters-col-v-0\">\n          <!---->\n          <div class=\"h-column h-column-container d-flex h-col-lg-auto h-col-md-auto h-col-auto align-self-lg-end align-self-md-end align-self-end style-882-outer style-local-523-c4-outer\">\n            <div data-colibri-id=\"523-c4\" class=\"d-flex h-flex-basis h-column__inner h-ui-empty-state-container h-px-lg-0 h-px-md-0 h-px-0 v-inner-lg-0 v-inner-md-0 v-inner-0 style-882 style-local-523-c4 position-relative\">\n              <!---->\n              <!---->\n              <div class=\"w-100 h-y-container h-column__content h-column__v-align flex-basis-100\">\n                <!---->\n              <\/div>\n            <\/div>\n          <\/div>\n          <div class=\"h-column h-column-container d-flex h-col-lg-auto h-col-md-auto h-col-auto align-self-lg-end align-self-md-end align-self-end style-883-outer style-local-523-c5-outer\">\n            <div data-colibri-id=\"523-c5\" class=\"d-flex h-flex-basis h-column__inner h-ui-empty-state-container h-px-lg-0 h-px-md-0 h-px-0 v-inner-lg-0 v-inner-md-0 v-inner-0 style-883 style-local-523-c5 position-relative\">\n              <!---->\n              <!---->\n              <div class=\"w-100 h-y-container h-column__content h-column__v-align flex-basis-100\">\n                <!---->\n              <\/div>\n            <\/div>\n          <\/div>\n          <div class=\"h-column h-column-container d-flex h-col-lg-auto h-col-md-auto h-col-auto align-self-lg-end align-self-md-end align-self-end style-884-outer style-local-523-c6-outer\">\n            <div data-colibri-id=\"523-c6\" class=\"d-flex h-flex-basis h-column__inner h-ui-empty-state-container h-px-lg-0 h-px-md-0 h-px-0 v-inner-lg-0 v-inner-md-0 v-inner-0 style-884 style-local-523-c6 position-relative\">\n              <!---->\n              <!---->\n              <div class=\"w-100 h-y-container h-column__content h-column__v-align flex-basis-100\">\n                <!---->\n              <\/div>\n            <\/div>\n          <\/div>\n        <\/div>\n      <\/div>\n    <\/div>\n  <\/div>\n<\/div>","protected":false},"excerpt":{"rendered":"<p>Informes e Inscripciones Asociaci\u00f3n Peruana de Productores de Mango Direcci\u00f3n: Urb. San Eduardo A 2 Piura. Tel\u00e9fonos: 073 \u2013 608238 e- mail: piura@promango.org<\/p>\n","protected":false},"author":1,"featured_media":0,"parent":0,"menu_order":0,"comment_status":"closed","ping_status":"closed","template":"page-templates\/full-width-page.php","meta":{"footnotes":""},"class_list":["post-523","page","type-page","status-publish","hentry"],"_links":{"self":[{"href":"https:\/\/promango.org\/XVIIFORUM\/wp-json\/wp\/v2\/pages\/523","targetHints":{"allow":["GET"]}}],"collection":[{"href":"https:\/\/promango.org\/XVIIFORUM\/wp-json\/wp\/v2\/pages"}],"about":[{"href":"https:\/\/promango.org\/XVIIFORUM\/wp-json\/wp\/v2\/types\/page"}],"author":[{"embeddable":true,"href":"https:\/\/promango.org\/XVIIFORUM\/wp-json\/wp\/v2\/users\/1"}],"replies":[{"embeddable":true,"href":"https:\/\/promango.org\/XVIIFORUM\/wp-json\/wp\/v2\/comments?post=523"}],"version-history":[{"count":3,"href":"https:\/\/promango.org\/XVIIFORUM\/wp-json\/wp\/v2\/pages\/523\/revisions"}],"predecessor-version":[{"id":919,"href":"https:\/\/promango.org\/XVIIFORUM\/wp-json\/wp\/v2\/pages\/523\/revisions\/919"}],"wp:attachment":[{"href":"https:\/\/promango.org\/XVIIFORUM\/wp-json\/wp\/v2\/media?parent=523"}],"curies":[{"name":"wp","href":"https:\/\/api.w.org\/{rel}","templated":true}]}}